{"id":13,"date":"2017-08-12T22:50:24","date_gmt":"2017-08-12T20:50:24","guid":{"rendered":"http:\/\/www.tierarzt-in-rastatt.de\/?page_id=13"},"modified":"2022-05-08T13:59:19","modified_gmt":"2022-05-08T11:59:19","slug":"sprechzeiten","status":"publish","type":"page","link":"http:\/\/www.tierarzt-in-rastatt.de\/?page_id=13","title":{"rendered":"Sprechzeiten"},"content":{"rendered":"<h3><strong>\u00a0<\/strong><\/h3>\n<p>I<strong>ch beende meine tier\u00e4rztliche T\u00e4tigkeit am 30. Juni 2022.<\/strong><\/p>\n<p><strong>Mein Team und ich danken f\u00fcr das langj\u00e4hrige Vertrauen in unsere Arbeit.<\/strong><\/p>\n<h2>\u00a0<\/h2>\n<h2 style=\"text-align: center;\">Aktuell:<\/h2>\n<p>Die Coronavirusepedemie erfordert f\u00fcr die Praxis die Einhaltung strenger Hygiene.<\/p>\n<p>Bitte zeigen Sie sich solidarisch und haben Verst\u00e4ndnis f\u00fcr die folgenden Ma\u00dfnahmen:<\/p>\n<p><strong>Bitte melden Sie sich telefonisch vor Ihrem Besuch an, damit wir uns auf Sie vorbereiten k\u00f6nnen.<\/strong><\/p>\n<p><strong>Bitte tragen Sie eine FFP2-Maske.<\/strong><\/p>\n<p><strong>Die Anzahl wartender Patienten im Wartezimmer ist auf zwei beschr\u00e4nkt.<\/strong><\/p>\n<p>Wir werden vorrangig dringende Krankheitsf\u00e4lle behandeln, bieten aber auch weiterhin\u00a0 Grundversorgung (z.B. Impfungen) an.<\/p>\n<p>Die Versorgung\u00a0 unserer Patienten mit Medikamenten und medizinisch notwendigen Di\u00e4tfuttermitteln bleibt wie bisher gesichert.<\/p>\n<p>Auch die amtlichen Aufgaben werden weiterhin erf\u00fcllt werden.<\/p>\n<p>Diese Ma\u00dfnahmen k\u00f6nnen kurzfristig ge\u00e4ndert werden, bitte informieren Sie sich regelm\u00e4\u00dfig auf unserer Homepage.<\/p>\n<h3><strong>\u00a0<\/strong><\/h3>\n<table>\n<tbody>\n<tr>\n<td>Mo:<\/td>\n<td>10-12 Uhr | 17-20 Uhr<\/td>\n<\/tr>\n<tr>\n<td>Di,Mi, Do<\/td>\n<td><a href=\"tel:0722231600\">Termin vereinbaren: 07222\/31600<\/a><\/td>\n<\/tr>\n<tr>\n<td>Fr:<\/td>\n<td>10-12 Uhr | 16-18 Uhr<\/td>\n<\/tr>\n<\/tbody>\n<\/table>\n<p><a href=\"tel:0722231600\">Termin vereinbaren: 07222\/31600<\/a><\/p>\n<p>Termine, auch f\u00fcr Hausbesuche, sind au\u00dferhalb der Sprechzeiten m\u00f6glich.<\/p>\n<p>Notf\u00e4lle bitte unbedingt telefonisch ank\u00fcndigen:<b> <\/b>Wir k\u00f6nnen viel besser helfen, wenn wir vorbereitet sind!<\/p>\n<p>Wir freuen uns auf Ihren Besuch!<\/p>\n<h3>\u00a0<\/h3>\n\n\n<h2><\/h2>\n","protected":false},"excerpt":{"rendered":"<p>\u00a0 Ich beende meine tier\u00e4rztliche T\u00e4tigkeit am 30. Juni 2022. Mein Team und ich danken f\u00fcr das langj\u00e4hrige Vertrauen in unsere Arbeit. \u00a0 Aktuell: Die Coronavirusepedemie erfordert f\u00fcr die Praxis die Einhaltung strenger Hygiene. Bitte zeigen Sie sich solidarisch und haben Verst\u00e4ndnis f\u00fcr die folgenden Ma\u00dfnahmen: Bitte melden Sie sich telefonisch vor Ihrem Besuch an, [&hellip;]<\/p>\n","protected":false},"author":1,"featured_media":0,"parent":0,"menu_order":0,"comment_status":"closed","ping_status":"closed","template":"","meta":[],"_links":{"self":[{"href":"http:\/\/www.tierarzt-in-rastatt.de\/index.php?rest_route=\/wp\/v2\/pages\/13"}],"collection":[{"href":"http:\/\/www.tierarzt-in-rastatt.de\/index.php?rest_route=\/wp\/v2\/pages"}],"about":[{"href":"http:\/\/www.tierarzt-in-rastatt.de\/index.php?rest_route=\/wp\/v2\/types\/page"}],"author":[{"embeddable":true,"href":"http:\/\/www.tierarzt-in-rastatt.de\/index.php?rest_route=\/wp\/v2\/users\/1"}],"replies":[{"embeddable":true,"href":"http:\/\/www.tierarzt-in-rastatt.de\/index.php?rest_route=%2Fwp%2Fv2%2Fcomments&post=13"}],"version-history":[{"count":65,"href":"http:\/\/www.tierarzt-in-rastatt.de\/index.php?rest_route=\/wp\/v2\/pages\/13\/revisions"}],"predecessor-version":[{"id":212,"href":"http:\/\/www.tierarzt-in-rastatt.de\/index.php?rest_route=\/wp\/v2\/pages\/13\/revisions\/212"}],"wp:attachment":[{"href":"http:\/\/www.tierarzt-in-rastatt.de\/index.php?rest_route=%2Fwp%2Fv2%2Fmedia&parent=13"}],"curies":[{"name":"wp","href":"https:\/\/api.w.org\/{rel}","templated":true}]}}