{"id":16,"date":"2017-08-12T22:54:32","date_gmt":"2017-08-12T20:54:32","guid":{"rendered":"http:\/\/www.tierarzt-in-rastatt.de\/?page_id=16"},"modified":"2018-10-20T15:53:59","modified_gmt":"2018-10-20T13:53:59","slug":"anfahrt","status":"publish","type":"page","link":"http:\/\/www.tierarzt-in-rastatt.de\/?page_id=16","title":{"rendered":"Anfahrt"},"content":{"rendered":"<p>Unsere Praxis befindet sich in der Bismarckstra\u00dfe 8 in Rastatt. Ausgangspunkt ist die Karlsruher Stra\u00dfe (B3\/B36)<br \/>\naus Karlsruhe kommend, in Richtung Innenstadt.<\/p>\n<ul>\n<li>Fahren Sie die Karlsruher-Stra\u00dfe (B3\/36) entlang, bis Sie den Bahnhof erreichen.<\/li>\n<li>Ordnen Sie sich auf Bahnhofsh\u00f6he links ein. (Linksabbieger-Ampel)<br \/>\nSo gelangen Sie in die Steinmetzstra\u00dfe.<\/li>\n<li>Diese m\u00fcndet in die Bismarckstra\u00dfe.<br \/>\nIm zweiten Haus auf der linken Seite befindet sich unsere Praxis.<\/li>\n<\/ul>\n<p><center><iframe loading=\"lazy\" src=\"http:\/\/maps.google.de\/maps?f=q&amp;hl=de&amp;geocode=&amp;q=bismarckstra%C3%9Fe+8,+Rastatt&amp;jsv=107&amp;sll=51.124213,10.546875&amp;sspn=13.199269,41.132813&amp;ie=UTF8&amp;s=AARTsJqJi-EvIMs8xOK9A-OV22XirIqjzg&amp;ll=48.865731,8.217173&amp;spn=0.019762,0.036478&amp;z=14&amp;iwloc=addr&amp;output=embed\" width=\"425\" height=\"350\" marginwidth=\"0\" marginheight=\"0\" scrolling=\"no\" data-mce-fragment=\"1\"><\/iframe><br \/>\n<small> <a href=\"http:\/\/maps.google.de\/maps?f=q&amp;hl=de&amp;geocode=&amp;q=bismarckstra%C3%9Fe+8,+Rastatt&amp;jsv=107&amp;sll=51.124213,10.546875&amp;sspn=13.199269,41.132813&amp;ie=UTF8&amp;ll=48.865731,8.217173&amp;spn=0.019762,0.036478&amp;z=14&amp;iwloc=addr&amp;source=embed\" target=\"_blank\" rel=\"noopener\">Gr\u00f6\u00dfer Karte<\/a><\/small><\/center><\/p>\n","protected":false},"excerpt":{"rendered":"<p>Unsere Praxis befindet sich in der Bismarckstra\u00dfe 8 in Rastatt. Ausgangspunkt ist die Karlsruher Stra\u00dfe (B3\/B36) aus Karlsruhe kommend, in Richtung Innenstadt. Fahren Sie die Karlsruher-Stra\u00dfe (B3\/36) entlang, bis Sie den Bahnhof erreichen. Ordnen Sie sich auf Bahnhofsh\u00f6he links ein. (Linksabbieger-Ampel) So gelangen Sie in die Steinmetzstra\u00dfe. Diese m\u00fcndet in die Bismarckstra\u00dfe. Im zweiten Haus [&hellip;]<\/p>\n","protected":false},"author":1,"featured_media":0,"parent":0,"menu_order":0,"comment_status":"closed","ping_status":"closed","template":"","meta":[],"_links":{"self":[{"href":"http:\/\/www.tierarzt-in-rastatt.de\/index.php?rest_route=\/wp\/v2\/pages\/16"}],"collection":[{"href":"http:\/\/www.tierarzt-in-rastatt.de\/index.php?rest_route=\/wp\/v2\/pages"}],"about":[{"href":"http:\/\/www.tierarzt-in-rastatt.de\/index.php?rest_route=\/wp\/v2\/types\/page"}],"author":[{"embeddable":true,"href":"http:\/\/www.tierarzt-in-rastatt.de\/index.php?rest_route=\/wp\/v2\/users\/1"}],"replies":[{"embeddable":true,"href":"http:\/\/www.tierarzt-in-rastatt.de\/index.php?rest_route=%2Fwp%2Fv2%2Fcomments&post=16"}],"version-history":[{"count":1,"href":"http:\/\/www.tierarzt-in-rastatt.de\/index.php?rest_route=\/wp\/v2\/pages\/16\/revisions"}],"predecessor-version":[{"id":18,"href":"http:\/\/www.tierarzt-in-rastatt.de\/index.php?rest_route=\/wp\/v2\/pages\/16\/revisions\/18"}],"wp:attachment":[{"href":"http:\/\/www.tierarzt-in-rastatt.de\/index.php?rest_route=%2Fwp%2Fv2%2Fmedia&parent=16"}],"curies":[{"name":"wp","href":"https:\/\/api.w.org\/{rel}","templated":true}]}}