{"id":22,"date":"2017-08-12T22:55:39","date_gmt":"2017-08-12T20:55:39","guid":{"rendered":"http:\/\/www.tierarzt-in-rastatt.de\/?page_id=22"},"modified":"2018-05-27T12:03:49","modified_gmt":"2018-05-27T10:03:49","slug":"impressum","status":"publish","type":"page","link":"http:\/\/www.tierarzt-in-rastatt.de\/?page_id=22","title":{"rendered":"Impressum"},"content":{"rendered":"<h2 class=\"Dachzeile\">Angaben nach \u00a7 5 Telemediengesetz<\/h2>\n<div class=\"Content\">\n<p>Verantwortlich f\u00fcr diese Internetseite ist<\/p>\n<p><b>Dr. Balthasar Schmitz<\/b><br \/>\nBismarckstra\u00dfe 8<br \/>\n76437 Rastatt<br \/>\nTelefon: 07222 &#8211; 31600<br \/>\nEmail: praxis@tierarztschmitz.de<\/p>\n<p>USt-IdNr.: DE 14 399 46 99<\/p>\n<p><b>Zust\u00e4ndige Landestier\u00e4rztekammer:<\/b><br \/>\nLandestier\u00e4rztekammer Baden-W\u00fcrttemberg<br \/>\n&#8222;Haus der Tier\u00e4rzte&#8220;<br \/>\nAm Kr\u00e4herwald 219<br \/>\n70193 Stuttgart<\/p>\n<p>Tel.: 0711 7228632-0<br \/>\nFax: 0711 7228632-20<br \/>\nE-Mail: info@ltk-bw.de<br \/>\n<a href=\"http:\/\/www.ltk-bw.de\" target=\"_blank\" rel=\"noopener\">www.ltk-bw.de<\/a><\/p>\n<p>Dr. med. vet. Balthasar Schmitz f\u00fchrt die gesetzliche Berufsbezeichnung Tierarzt.<br \/>\nIhm wurde diese Berufsbezeichnung in Deutschland verliehen.<\/p>\n<p><b>Berufsrechtliche Regelungen:<\/b><br \/>\n<a href=\"http:\/\/www.ltk-bw.de\/Details%20pdf\/GesuSatzDetails\/Berufsordnung.pdf\" target=\"_blank\" rel=\"noopener\">Berufsordnung der LTK<\/a><\/p>\n<p><b>Berufsgenossenschaft:<\/b><br \/>\nBerufsgenossenschaft f\u00fcr Gesundheitsdienst und Wohlfahrtspflege<br \/>\nPappelallee 35\/37<br \/>\n22089 Hamburg<br \/>\n(<a href=\"http:\/\/www.bgw-online.de\" target=\"_blank\" rel=\"noopener\">www.bgw-online.de<\/a>)<\/p>\n<p><b>Geb\u00fchrenordnung:<\/b><br \/>\n<a href=\"http:\/\/www.tieraerzteverband.de\/wDeutsch\/fokus\/GOT_07.07.2008_Druckversion.pdf?navid=last\" target=\"_blank\" rel=\"noopener\">Als PDF-Datei herunterladen<\/a><br \/>\n(Anbieter: www.tieraerzteverband.de)<\/p>\n<p><b>Haftungshinweis:<\/b><br \/>\nTrotz sorgf\u00e4ltiger inhaltlicher Kontrolle \u00fcbernehmen wir keine Haftung f\u00fcr die Inhalte externer Links.<\/p>\n<p>F\u00fcr den Inhalt der verlinkten Seiten sind ausschlie\u00dflich deren Betreiber verantwortlich.<\/p>\n<\/div>\n<p><b>Datenschutz<\/b><br \/>\nDie Betreiber dieser Seiten nehmen den Schutz Ihrer pers\u00f6nlichen Daten sehr ernst. Wir behandeln Ihre personenbezogenen Daten vertraulich und entsprechend der gesetzlichen Datenschutzvorschriften sowie dieser Datenschutzerkl\u00e4rung. Die Nutzung unserer Website ist in der Regel ohne Angabe personenbezogener Daten m\u00f6glich. Soweit auf unseren Seiten personenbezogene Daten (beispielsweise Name, Anschrift oder E-Mail-Adressen) erhoben werden, erfolgt dies, soweit m\u00f6glich, stets auf freiwilliger Basis. Diese Daten werden ohne Ihre ausdr\u00fcckliche Zustimmung nicht an Dritte weitergegeben. Wir weisen darauf hin, dass die Daten\u00fcbertragung im Internet (z.B. bei der Kommunikation per E-Mail) Sicherheitsl\u00fccken aufweisen kann. Ein l\u00fcckenloser Schutz der Daten vor dem Zugriff durch Dritte ist nicht m\u00f6glich.<\/p>\n","protected":false},"excerpt":{"rendered":"<p>Angaben nach \u00a7 5 Telemediengesetz Verantwortlich f\u00fcr diese Internetseite ist Dr. Balthasar Schmitz Bismarckstra\u00dfe 8 76437 Rastatt Telefon: 07222 &#8211; 31600 Email: praxis@tierarztschmitz.de USt-IdNr.: DE 14 399 46 99 Zust\u00e4ndige Landestier\u00e4rztekammer: Landestier\u00e4rztekammer Baden-W\u00fcrttemberg &#8222;Haus der Tier\u00e4rzte&#8220; Am Kr\u00e4herwald 219 70193 Stuttgart Tel.: 0711 7228632-0 Fax: 0711 7228632-20 E-Mail: info@ltk-bw.de www.ltk-bw.de Dr. med. vet. Balthasar Schmitz [&hellip;]<\/p>\n","protected":false},"author":1,"featured_media":0,"parent":0,"menu_order":0,"comment_status":"closed","ping_status":"closed","template":"","meta":[],"_links":{"self":[{"href":"http:\/\/www.tierarzt-in-rastatt.de\/index.php?rest_route=\/wp\/v2\/pages\/22"}],"collection":[{"href":"http:\/\/www.tierarzt-in-rastatt.de\/index.php?rest_route=\/wp\/v2\/pages"}],"about":[{"href":"http:\/\/www.tierarzt-in-rastatt.de\/index.php?rest_route=\/wp\/v2\/types\/page"}],"author":[{"embeddable":true,"href":"http:\/\/www.tierarzt-in-rastatt.de\/index.php?rest_route=\/wp\/v2\/users\/1"}],"replies":[{"embeddable":true,"href":"http:\/\/www.tierarzt-in-rastatt.de\/index.php?rest_route=%2Fwp%2Fv2%2Fcomments&post=22"}],"version-history":[{"count":2,"href":"http:\/\/www.tierarzt-in-rastatt.de\/index.php?rest_route=\/wp\/v2\/pages\/22\/revisions"}],"predecessor-version":[{"id":102,"href":"http:\/\/www.tierarzt-in-rastatt.de\/index.php?rest_route=\/wp\/v2\/pages\/22\/revisions\/102"}],"wp:attachment":[{"href":"http:\/\/www.tierarzt-in-rastatt.de\/index.php?rest_route=%2Fwp%2Fv2%2Fmedia&parent=22"}],"curies":[{"name":"wp","href":"https:\/\/api.w.org\/{rel}","templated":true}]}}